{"id":170,"date":"2024-06-22T19:45:47","date_gmt":"2024-06-22T19:45:47","guid":{"rendered":"https:\/\/sereniumspa.com\/?page_id=170"},"modified":"2026-03-03T19:17:07","modified_gmt":"2026-03-03T19:17:07","slug":"group-health-wellness-spareservations","status":"publish","type":"page","link":"https:\/\/sereniumspa.com\/es\/group-health-wellness-spareservations\/","title":{"rendered":"Reservaciones para grupos"},"content":{"rendered":"<div data-elementor-type=\"wp-page\" data-elementor-id=\"170\" class=\"elementor elementor-170\">\n\t\t\t\t\t\t<section class=\"elementor-section elementor-top-section elementor-element elementor-element-db25e9d elementor-section-height-min-height elementor-section-boxed elementor-section-height-default elementor-section-items-middle\" data-id=\"db25e9d\" data-element_type=\"section\" data-e-type=\"section\" data-settings=\"{&quot;background_background&quot;:&quot;classic&quot;}\">\n\t\t\t\t\t\t\t<div class=\"elementor-background-overlay\"><\/div>\n\t\t\t\t\t\t\t<div class=\"elementor-container elementor-column-gap-default\">\n\t\t\t\t\t<div class=\"elementor-column elementor-col-100 elementor-top-column elementor-element elementor-element-557abf4\" data-id=\"557abf4\" data-element_type=\"column\" data-e-type=\"column\">\n\t\t\t<div class=\"elementor-widget-wrap elementor-element-populated\">\n\t\t\t\t\t\t<div class=\"elementor-element elementor-element-b3b9287 de_scroll_animation_no elementor-invisible elementor-widget elementor-widget-heading\" data-id=\"b3b9287\" data-element_type=\"widget\" data-e-type=\"widget\" data-settings=\"{&quot;_animation&quot;:&quot;fadeIn&quot;}\" data-widget_type=\"heading.default\">\n\t\t\t\t<div class=\"elementor-widget-container\">\n\t\t\t\t\t<h2 class=\"elementor-heading-title elementor-size-default\">Reservaciones para grupos<\/h2>\t\t\t\t<\/div>\n\t\t\t\t<\/div>\n\t\t\t\t\t<\/div>\n\t\t<\/div>\n\t\t\t\t\t<\/div>\n\t\t<\/section>\n\t\t\t\t<section class=\"elementor-section elementor-top-section elementor-element elementor-element-a0ec34b elementor-section-boxed elementor-section-height-default elementor-section-height-default\" data-id=\"a0ec34b\" data-element_type=\"section\" data-e-type=\"section\">\n\t\t\t\t\t\t<div class=\"elementor-container elementor-column-gap-default\">\n\t\t\t\t\t<div class=\"elementor-column elementor-col-100 elementor-top-column elementor-element elementor-element-b8e2f4c\" data-id=\"b8e2f4c\" data-element_type=\"column\" data-e-type=\"column\">\n\t\t\t<div class=\"elementor-widget-wrap elementor-element-populated\">\n\t\t\t\t\t\t<div class=\"elementor-element elementor-element-2729a47 de_scroll_animation_no elementor-invisible elementor-widget elementor-widget-text-editor\" data-id=\"2729a47\" data-element_type=\"widget\" data-e-type=\"widget\" data-settings=\"{&quot;_animation&quot;:&quot;fadeIn&quot;}\" data-widget_type=\"text-editor.default\">\n\t\t\t\t<div class=\"elementor-widget-container\">\n\t\t\t\t\t\t\t\t\t<p>Reservar juntos<\/p>\t\t\t\t\t\t\t\t<\/div>\n\t\t\t\t<\/div>\n\t\t\t\t<div class=\"elementor-element elementor-element-f1828cd de_scroll_animation_no elementor-invisible elementor-widget elementor-widget-heading\" data-id=\"f1828cd\" data-element_type=\"widget\" data-e-type=\"widget\" data-settings=\"{&quot;_animation&quot;:&quot;fadeIn&quot;}\" data-widget_type=\"heading.default\">\n\t\t\t\t<div class=\"elementor-widget-container\">\n\t\t\t\t\t<h2 class=\"elementor-heading-title elementor-size-default\">Reservaciones para grupos<\/h2>\t\t\t\t<\/div>\n\t\t\t\t<\/div>\n\t\t\t\t<div class=\"elementor-element elementor-element-cce76f8 de_scroll_animation_no elementor-invisible elementor-widget elementor-widget-text-editor\" data-id=\"cce76f8\" data-element_type=\"widget\" data-e-type=\"widget\" data-settings=\"{&quot;_animation&quot;:&quot;fadeIn&quot;,&quot;_animation_delay&quot;:200}\" data-widget_type=\"text-editor.default\">\n\t\t\t\t<div class=\"elementor-widget-container\">\n\t\t\t\t\t\t\t\t\t<p data-start=\"169\" data-end=\"542\">At Serenium, we host intimate gatherings from 2\u20138 guests with our signature group packages, or create larger custom wellness retreats for up to 32 people. Whether you\u2019re celebrating a birthday, bachelorette, anniversary, or simply seeking a restorative escape, our private packages include exclusive use of our serene amenities, curated treatments, and a tranquil atmosphere designed just for you.<\/p>\t\t\t\t\t\t\t\t<\/div>\n\t\t\t\t<\/div>\n\t\t\t\t<section class=\"elementor-section elementor-inner-section elementor-element elementor-element-9af3d1f elementor-section-boxed elementor-section-height-default elementor-section-height-default\" data-id=\"9af3d1f\" data-element_type=\"section\" data-e-type=\"section\">\n\t\t\t\t\t\t<div class=\"elementor-container elementor-column-gap-default\">\n\t\t\t\t\t<div class=\"elementor-column elementor-col-100 elementor-inner-column elementor-element elementor-element-0dee31e\" data-id=\"0dee31e\" data-element_type=\"column\" data-e-type=\"column\">\n\t\t\t<div class=\"elementor-widget-wrap elementor-element-populated\">\n\t\t\t\t\t\t<div class=\"elementor-element elementor-element-e2aed97 de_scroll_animation_no elementor-widget elementor-widget-text-editor\" data-id=\"e2aed97\" data-element_type=\"widget\" data-e-type=\"widget\" data-widget_type=\"text-editor.default\">\n\t\t\t\t<div class=\"elementor-widget-container\">\n\t\t\t\t\t\t\t\t\t<p>Celebrate in style with our exclusive Amigos Pack for 2\u20138 people \u2014 perfect for birthdays, a friends\u2019 day out, or any special occasion. Each guest enjoys a relaxing experience with access to our zero gravity massage chairs, oxygen bar, infrared sauna, cold plunge, and their choice of a facial or massage, all complemented by champagne. You\u2019ll also have private use of one of our two cabanas \u2014 poolside or terrace \u2014 along with access to the pool and sun loungers. To make your day even more memorable, any of our spa services can be added to your package. Base price starts at $1,400 MXN per person.<\/p>\t\t\t\t\t\t\t\t<\/div>\n\t\t\t\t<\/div>\n\t\t\t\t\t<\/div>\n\t\t<\/div>\n\t\t\t\t\t<\/div>\n\t\t<\/section>\n\t\t\t\t<section class=\"elementor-section elementor-inner-section elementor-element elementor-element-90de00b elementor-section-boxed elementor-section-height-default elementor-section-height-default\" data-id=\"90de00b\" data-element_type=\"section\" data-e-type=\"section\">\n\t\t\t\t\t\t<div class=\"elementor-container elementor-column-gap-default\">\n\t\t\t\t\t<div class=\"elementor-column elementor-col-33 elementor-inner-column elementor-element elementor-element-a6136f7\" data-id=\"a6136f7\" data-element_type=\"column\" data-e-type=\"column\">\n\t\t\t<div class=\"elementor-widget-wrap elementor-element-populated\">\n\t\t\t\t\t\t<div class=\"elementor-element elementor-element-edc6ccc de_scroll_animation_no elementor-widget elementor-widget-image\" data-id=\"edc6ccc\" data-element_type=\"widget\" data-e-type=\"widget\" data-widget_type=\"image.default\">\n\t\t\t\t<div class=\"elementor-widget-container\">\n\t\t\t\t\t\t\t\t\t\t\t\t\t\t\t<img fetchpriority=\"high\" decoding=\"async\" width=\"768\" height=\"1024\" src=\"https:\/\/sereniumspa.com\/wp-content\/uploads\/2024\/08\/20240812_104027-scaled.jpg\" class=\"attachment-large size-large wp-image-861\" alt=\"\" srcset=\"https:\/\/sereniumspa.com\/wp-content\/uploads\/2024\/08\/20240812_104027-scaled.jpg 1920w, https:\/\/sereniumspa.com\/wp-content\/uploads\/2024\/08\/20240812_104027-225x300.jpg 225w\" sizes=\"(max-width: 768px) 100vw, 768px\" \/>\t\t\t\t\t\t\t\t\t\t\t\t\t\t\t<\/div>\n\t\t\t\t<\/div>\n\t\t\t\t<div class=\"elementor-element elementor-element-ba5fd47 de_scroll_animation_no elementor-widget elementor-widget-image\" data-id=\"ba5fd47\" data-element_type=\"widget\" data-e-type=\"widget\" data-widget_type=\"image.default\">\n\t\t\t\t<div class=\"elementor-widget-container\">\n\t\t\t\t\t\t\t\t\t\t\t\t\t\t\t<img decoding=\"async\" width=\"700\" height=\"600\" src=\"https:\/\/sereniumspa.com\/wp-content\/uploads\/2024\/06\/INFRARED-SAUNA.jpg\" class=\"attachment-large size-large wp-image-543\" alt=\"\" srcset=\"https:\/\/sereniumspa.com\/wp-content\/uploads\/2024\/06\/INFRARED-SAUNA.jpg 700w, https:\/\/sereniumspa.com\/wp-content\/uploads\/2024\/06\/INFRARED-SAUNA-300x257.jpg 300w, https:\/\/sereniumspa.com\/wp-content\/uploads\/2024\/06\/INFRARED-SAUNA-14x12.jpg 14w\" sizes=\"(max-width: 700px) 100vw, 700px\" \/>\t\t\t\t\t\t\t\t\t\t\t\t\t\t\t<\/div>\n\t\t\t\t<\/div>\n\t\t\t\t\t<\/div>\n\t\t<\/div>\n\t\t\t\t<div class=\"elementor-column elementor-col-33 elementor-inner-column elementor-element elementor-element-ef7139b\" data-id=\"ef7139b\" data-element_type=\"column\" data-e-type=\"column\">\n\t\t\t<div class=\"elementor-widget-wrap elementor-element-populated\">\n\t\t\t\t\t\t<div class=\"elementor-element elementor-element-d677bdd de_scroll_animation_no elementor-widget elementor-widget-image\" data-id=\"d677bdd\" data-element_type=\"widget\" data-e-type=\"widget\" data-widget_type=\"image.default\">\n\t\t\t\t<div class=\"elementor-widget-container\">\n\t\t\t\t\t\t\t\t\t\t\t\t\t\t\t<img decoding=\"async\" width=\"800\" height=\"533\" src=\"https:\/\/sereniumspa.com\/wp-content\/uploads\/2024\/12\/IMG-20240824-WA00001-1024x682.jpg\" class=\"attachment-large size-large wp-image-912\" alt=\"\" srcset=\"https:\/\/sereniumspa.com\/wp-content\/uploads\/2024\/12\/IMG-20240824-WA00001-1024x682.jpg 1024w, https:\/\/sereniumspa.com\/wp-content\/uploads\/2024\/12\/IMG-20240824-WA00001-300x200.jpg 300w, https:\/\/sereniumspa.com\/wp-content\/uploads\/2024\/12\/IMG-20240824-WA00001-768x512.jpg 768w, https:\/\/sereniumspa.com\/wp-content\/uploads\/2024\/12\/IMG-20240824-WA00001-1536x1023.jpg 1536w, https:\/\/sereniumspa.com\/wp-content\/uploads\/2024\/12\/IMG-20240824-WA00001-18x12.jpg 18w, https:\/\/sereniumspa.com\/wp-content\/uploads\/2024\/12\/IMG-20240824-WA00001-600x400.jpg 600w, https:\/\/sereniumspa.com\/wp-content\/uploads\/2024\/12\/IMG-20240824-WA00001.jpg 1600w\" sizes=\"(max-width: 800px) 100vw, 800px\" \/>\t\t\t\t\t\t\t\t\t\t\t\t\t\t\t<\/div>\n\t\t\t\t<\/div>\n\t\t\t\t<div class=\"elementor-element elementor-element-043fd21 de_scroll_animation_no elementor-widget elementor-widget-image\" data-id=\"043fd21\" data-element_type=\"widget\" data-e-type=\"widget\" data-widget_type=\"image.default\">\n\t\t\t\t<div class=\"elementor-widget-container\">\n\t\t\t\t\t\t\t\t\t\t\t\t\t\t\t<img loading=\"lazy\" decoding=\"async\" width=\"768\" height=\"1024\" src=\"https:\/\/sereniumspa.com\/wp-content\/uploads\/2024\/08\/20240812_083513-scaled.jpg\" class=\"attachment-large size-large wp-image-839\" alt=\"\" srcset=\"https:\/\/sereniumspa.com\/wp-content\/uploads\/2024\/08\/20240812_083513-scaled.jpg 1920w, https:\/\/sereniumspa.com\/wp-content\/uploads\/2024\/08\/20240812_083513-225x300.jpg 225w\" sizes=\"(max-width: 768px) 100vw, 768px\" \/>\t\t\t\t\t\t\t\t\t\t\t\t\t\t\t<\/div>\n\t\t\t\t<\/div>\n\t\t\t\t\t<\/div>\n\t\t<\/div>\n\t\t\t\t<div class=\"elementor-column elementor-col-33 elementor-inner-column elementor-element elementor-element-f6b73d7\" data-id=\"f6b73d7\" data-element_type=\"column\" data-e-type=\"column\">\n\t\t\t<div class=\"elementor-widget-wrap elementor-element-populated\">\n\t\t\t\t\t\t<div class=\"elementor-element elementor-element-7ba30eb de_scroll_animation_no elementor-widget elementor-widget-image\" data-id=\"7ba30eb\" data-element_type=\"widget\" data-e-type=\"widget\" data-widget_type=\"image.default\">\n\t\t\t\t<div class=\"elementor-widget-container\">\n\t\t\t\t\t\t\t\t\t\t\t\t\t\t\t<img loading=\"lazy\" decoding=\"async\" width=\"578\" height=\"1024\" src=\"https:\/\/sereniumspa.com\/wp-content\/uploads\/2024\/12\/Screenshot_20240920_104014_Gallery1-578x1024.jpg\" class=\"attachment-large size-large wp-image-914\" alt=\"\" srcset=\"https:\/\/sereniumspa.com\/wp-content\/uploads\/2024\/12\/Screenshot_20240920_104014_Gallery1-578x1024.jpg 578w, https:\/\/sereniumspa.com\/wp-content\/uploads\/2024\/12\/Screenshot_20240920_104014_Gallery1-169x300.jpg 169w, https:\/\/sereniumspa.com\/wp-content\/uploads\/2024\/12\/Screenshot_20240920_104014_Gallery1-768x1362.jpg 768w, https:\/\/sereniumspa.com\/wp-content\/uploads\/2024\/12\/Screenshot_20240920_104014_Gallery1-866x1536.jpg 866w, https:\/\/sereniumspa.com\/wp-content\/uploads\/2024\/12\/Screenshot_20240920_104014_Gallery1-7x12.jpg 7w, https:\/\/sereniumspa.com\/wp-content\/uploads\/2024\/12\/Screenshot_20240920_104014_Gallery1-254x450.jpg 254w, https:\/\/sereniumspa.com\/wp-content\/uploads\/2024\/12\/Screenshot_20240920_104014_Gallery1.jpg 1080w\" sizes=\"(max-width: 578px) 100vw, 578px\" \/>\t\t\t\t\t\t\t\t\t\t\t\t\t\t\t<\/div>\n\t\t\t\t<\/div>\n\t\t\t\t<div class=\"elementor-element elementor-element-727a37d de_scroll_animation_no elementor-widget elementor-widget-image\" data-id=\"727a37d\" data-element_type=\"widget\" data-e-type=\"widget\" data-widget_type=\"image.default\">\n\t\t\t\t<div class=\"elementor-widget-container\">\n\t\t\t\t\t\t\t\t\t\t\t\t\t\t\t<img loading=\"lazy\" decoding=\"async\" width=\"800\" height=\"451\" src=\"https:\/\/sereniumspa.com\/wp-content\/uploads\/2024\/08\/DSC04229-1-1024x577.jpg\" class=\"attachment-large size-large wp-image-854\" alt=\"\" srcset=\"https:\/\/sereniumspa.com\/wp-content\/uploads\/2024\/08\/DSC04229-1-1024x577.jpg 1024w, https:\/\/sereniumspa.com\/wp-content\/uploads\/2024\/08\/DSC04229-1-300x169.jpg 300w, https:\/\/sereniumspa.com\/wp-content\/uploads\/2024\/08\/DSC04229-1-768x432.jpg 768w, https:\/\/sereniumspa.com\/wp-content\/uploads\/2024\/08\/DSC04229-1-1536x865.jpg 1536w, https:\/\/sereniumspa.com\/wp-content\/uploads\/2024\/08\/DSC04229-1-2048x1153.jpg 2048w, https:\/\/sereniumspa.com\/wp-content\/uploads\/2024\/08\/DSC04229-1-18x10.jpg 18w, https:\/\/sereniumspa.com\/wp-content\/uploads\/2024\/08\/DSC04229-1-600x338.jpg 600w\" sizes=\"(max-width: 800px) 100vw, 800px\" \/>\t\t\t\t\t\t\t\t\t\t\t\t\t\t\t<\/div>\n\t\t\t\t<\/div>\n\t\t\t\t\t<\/div>\n\t\t<\/div>\n\t\t\t\t\t<\/div>\n\t\t<\/section>\n\t\t\t\t<div class=\"elementor-element elementor-element-bf0f2e3 de_scroll_animation_no elementor-widget elementor-widget-heading\" data-id=\"bf0f2e3\" data-element_type=\"widget\" data-e-type=\"widget\" data-widget_type=\"heading.default\">\n\t\t\t\t<div class=\"elementor-widget-container\">\n\t\t\t\t\t<h2 class=\"elementor-heading-title elementor-size-default\">Serenium Experience - Your PRivate Retreat<\/h2>\t\t\t\t<\/div>\n\t\t\t\t<\/div>\n\t\t\t\t<div class=\"elementor-element elementor-element-eb1f429 de_scroll_animation_no elementor-widget elementor-widget-text-editor\" data-id=\"eb1f429\" data-element_type=\"widget\" data-e-type=\"widget\" data-widget_type=\"text-editor.default\">\n\t\t\t\t<div class=\"elementor-widget-container\">\n\t\t\t\t\t\t\t\t\t<p data-start=\"168\" data-end=\"644\">Design your own private wellness retreat, for up to 32 people, with full access to Serenium Spa, reserved exclusively for your group. The spa will be yours and yours only for the day. Enjoy our complete facilities \u2014 including the pool, cabanas, sun terrace, cold plunge, oxygen bar, massage chairs, and infrared sauna \u2014 while tailoring your experience to meet the unique needs of your guests. Along with a selection of spa services, our team works with you to create a balanced and restorative day that blends relaxation, renewal, and connection.<\/p><p data-start=\"646\" data-end=\"1113\">To deepen your retreat, we offer an array of holistic group experiences such as yoga, breath work, body flow, cacao ceremonies, sound healing, dance classes, and community acupuncture. Additional therapies, including IV and regenerative treatments, can also be incorporated to further support your group\u2019s goals. Whether your focus is restoration, vitality, or mindful connection, Serenium provides a tranquil space to craft a truly transformative wellness journey.<\/p>\t\t\t\t\t\t\t\t<\/div>\n\t\t\t\t<\/div>\n\t\t\t\t<div class=\"elementor-element elementor-element-cac5b56 de_scroll_animation_no elementor-invisible elementor-widget elementor-widget-text-editor\" data-id=\"cac5b56\" data-element_type=\"widget\" data-e-type=\"widget\" data-settings=\"{&quot;_animation&quot;:&quot;fadeIn&quot;,&quot;_animation_delay&quot;:200}\" data-widget_type=\"text-editor.default\">\n\t\t\t\t<div class=\"elementor-widget-container\">\n\t\t\t\t\t\t\t\t\t<p>Our full spa rental package is fully customizable, allowing you to add extra therapists, wellness services, or even special classes like dance to create a personalized retreat experience. Contact us to create your personalized retreat.<\/p>\t\t\t\t\t\t\t\t<\/div>\n\t\t\t\t<\/div>\n\t\t\t\t<div class=\"elementor-element elementor-element-1a5cf4a de_scroll_animation_no elementor-invisible elementor-widget elementor-widget-text-editor\" data-id=\"1a5cf4a\" data-element_type=\"widget\" data-e-type=\"widget\" data-settings=\"{&quot;_animation&quot;:&quot;fadeIn&quot;,&quot;_animation_delay&quot;:200}\" data-widget_type=\"text-editor.default\">\n\t\t\t\t<div class=\"elementor-widget-container\">\n\t\t\t\t\t\t\t\t\t<p>Esperamos darles la bienvenida a nuestro id\u00edlico santuario, donde cada momento est\u00e1 dise\u00f1ado para trascender lo extraordinario.<\/p>\t\t\t\t\t\t\t\t<\/div>\n\t\t\t\t<\/div>\n\t\t\t\t<div class=\"elementor-element elementor-element-0003540 elementor-align-center de_scroll_animation_no elementor-widget elementor-widget-button\" data-id=\"0003540\" data-element_type=\"widget\" data-e-type=\"widget\" data-widget_type=\"button.default\">\n\t\t\t\t<div class=\"elementor-widget-container\">\n\t\t\t\t\t\t\t\t\t<div class=\"elementor-button-wrapper\">\n\t\t\t\t\t<a class=\"elementor-button elementor-button-link elementor-size-sm\" href=\"https:\/\/wa.me\/526242655277\" target=\"_blank\" rel=\"noopener\">\n\t\t\t\t\t\t<span class=\"elementor-button-content-wrapper\">\n\t\t\t\t\t\t\t\t\t<span class=\"elementor-button-text\">Reserve Now<\/span>\n\t\t\t\t\t<\/span>\n\t\t\t\t\t<\/a>\n\t\t\t\t<\/div>\n\t\t\t\t\t\t\t\t<\/div>\n\t\t\t\t<\/div>\n\t\t\t\t\t<\/div>\n\t\t<\/div>\n\t\t\t\t\t<\/div>\n\t\t<\/section>\n\t\t\t\t<section class=\"elementor-section elementor-top-section elementor-element elementor-element-be3f2cd elementor-section-boxed elementor-section-height-default elementor-section-height-default\" data-id=\"be3f2cd\" data-element_type=\"section\" data-e-type=\"section\">\n\t\t\t\t\t\t<div class=\"elementor-container elementor-column-gap-default\">\n\t\t\t\t\t<div class=\"elementor-column elementor-col-100 elementor-top-column elementor-element elementor-element-b7c2afe\" data-id=\"b7c2afe\" data-element_type=\"column\" data-e-type=\"column\">\n\t\t\t<div class=\"elementor-widget-wrap\">\n\t\t\t\t\t\t\t<\/div>\n\t\t<\/div>\n\t\t\t\t\t<\/div>\n\t\t<\/section>\n\t\t\t\t<\/div>","protected":false},"excerpt":{"rendered":"<p>Group Reservations Reserve Together Group Bookings At Serenium, we host intimate gatherings from 2\u20138 guests with our signature group packages, or create larger custom wellness retreats for up to 32 people. Whether you\u2019re celebrating a birthday, bachelorette, anniversary, or simply seeking a restorative escape, our private packages include exclusive use of our serene amenities, curated [&hellip;]<\/p>\n","protected":false},"author":1,"featured_media":0,"parent":0,"menu_order":0,"comment_status":"closed","ping_status":"closed","template":"","meta":{"footnotes":""},"class_list":["post-170","page","type-page","status-publish","hentry"],"_links":{"self":[{"href":"https:\/\/sereniumspa.com\/es\/wp-json\/wp\/v2\/pages\/170","targetHints":{"allow":["GET"]}}],"collection":[{"href":"https:\/\/sereniumspa.com\/es\/wp-json\/wp\/v2\/pages"}],"about":[{"href":"https:\/\/sereniumspa.com\/es\/wp-json\/wp\/v2\/types\/page"}],"author":[{"embeddable":true,"href":"https:\/\/sereniumspa.com\/es\/wp-json\/wp\/v2\/users\/1"}],"replies":[{"embeddable":true,"href":"https:\/\/sereniumspa.com\/es\/wp-json\/wp\/v2\/comments?post=170"}],"version-history":[{"count":40,"href":"https:\/\/sereniumspa.com\/es\/wp-json\/wp\/v2\/pages\/170\/revisions"}],"predecessor-version":[{"id":1096,"href":"https:\/\/sereniumspa.com\/es\/wp-json\/wp\/v2\/pages\/170\/revisions\/1096"}],"wp:attachment":[{"href":"https:\/\/sereniumspa.com\/es\/wp-json\/wp\/v2\/media?parent=170"}],"curies":[{"name":"wp","href":"https:\/\/api.w.org\/{rel}","templated":true}]}}